{"id":1312,"date":"2021-09-11T16:22:58","date_gmt":"2021-09-11T14:22:58","guid":{"rendered":"https:\/\/www.ensemble-harry.de\/content\/?page_id=1312"},"modified":"2026-03-05T06:54:24","modified_gmt":"2026-03-05T05:54:24","slug":"willkommen-2","status":"publish","type":"page","link":"https:\/\/www.ensemble-harry.de\/content\/","title":{"rendered":"Willkommen"},"content":{"rendered":"\t\t<div data-elementor-type=\"wp-page\" data-elementor-id=\"1312\" class=\"elementor elementor-1312\">\n\t\t\t\t\t\t<section class=\"elementor-section elementor-top-section elementor-element elementor-element-130892e5 elementor-section-boxed elementor-section-height-default elementor-section-height-default\" data-id=\"130892e5\" data-element_type=\"section\" data-e-type=\"section\" data-settings=\"{&quot;background_background&quot;:&quot;classic&quot;}\">\n\t\t\t\t\t\t\t<div class=\"elementor-background-overlay\"><\/div>\n\t\t\t\t\t\t\t<div class=\"elementor-container elementor-column-gap-default\">\n\t\t\t\t\t<div class=\"elementor-column elementor-col-100 elementor-top-column elementor-element elementor-element-1ccee588\" data-id=\"1ccee588\" data-element_type=\"column\" data-e-type=\"column\" data-settings=\"{&quot;background_background&quot;:&quot;classic&quot;}\">\n\t\t\t<div class=\"elementor-widget-wrap elementor-element-populated\">\n\t\t\t\t\t\t<section class=\"elementor-section elementor-inner-section elementor-element elementor-element-b2146cc elementor-section-full_width elementor-section-height-min-height elementor-section-height-default\" data-id=\"b2146cc\" data-element_type=\"section\" data-e-type=\"section\" data-settings=\"{&quot;background_background&quot;:&quot;slideshow&quot;,&quot;background_slideshow_gallery&quot;:[{&quot;id&quot;:3074,&quot;url&quot;:&quot;https:\\\/\\\/www.ensemble-harry.de\\\/content\\\/wp-content\\\/uploads\\\/2026\\\/01\\\/DSC_2878-scaled.jpg&quot;},{&quot;id&quot;:3073,&quot;url&quot;:&quot;https:\\\/\\\/www.ensemble-harry.de\\\/content\\\/wp-content\\\/uploads\\\/2026\\\/01\\\/DSC_2861-scaled.jpg&quot;},{&quot;id&quot;:3072,&quot;url&quot;:&quot;https:\\\/\\\/www.ensemble-harry.de\\\/content\\\/wp-content\\\/uploads\\\/2026\\\/01\\\/DSC_2833-scaled.jpg&quot;},{&quot;id&quot;:3071,&quot;url&quot;:&quot;https:\\\/\\\/www.ensemble-harry.de\\\/content\\\/wp-content\\\/uploads\\\/2026\\\/01\\\/DSC_2764-scaled.jpg&quot;},{&quot;id&quot;:3070,&quot;url&quot;:&quot;https:\\\/\\\/www.ensemble-harry.de\\\/content\\\/wp-content\\\/uploads\\\/2026\\\/01\\\/DSC_2742-scaled.jpg&quot;},{&quot;id&quot;:3065,&quot;url&quot;:&quot;https:\\\/\\\/www.ensemble-harry.de\\\/content\\\/wp-content\\\/uploads\\\/2026\\\/01\\\/DSC_2486-scaled.jpg&quot;},{&quot;id&quot;:3066,&quot;url&quot;:&quot;https:\\\/\\\/www.ensemble-harry.de\\\/content\\\/wp-content\\\/uploads\\\/2026\\\/01\\\/DSC_2522-scaled.jpg&quot;},{&quot;id&quot;:3067,&quot;url&quot;:&quot;https:\\\/\\\/www.ensemble-harry.de\\\/content\\\/wp-content\\\/uploads\\\/2026\\\/01\\\/DSC_2555-scaled.jpg&quot;},{&quot;id&quot;:3068,&quot;url&quot;:&quot;https:\\\/\\\/www.ensemble-harry.de\\\/content\\\/wp-content\\\/uploads\\\/2026\\\/01\\\/DSC_2616-scaled.jpg&quot;},{&quot;id&quot;:3069,&quot;url&quot;:&quot;https:\\\/\\\/www.ensemble-harry.de\\\/content\\\/wp-content\\\/uploads\\\/2026\\\/01\\\/DSC_2683-scaled.jpg&quot;},{&quot;id&quot;:3064,&quot;url&quot;:&quot;https:\\\/\\\/www.ensemble-harry.de\\\/content\\\/wp-content\\\/uploads\\\/2026\\\/01\\\/DSC_2455-scaled.jpg&quot;},{&quot;id&quot;:3063,&quot;url&quot;:&quot;https:\\\/\\\/www.ensemble-harry.de\\\/content\\\/wp-content\\\/uploads\\\/2026\\\/01\\\/DSC_2334-scaled.jpg&quot;}],&quot;background_slideshow_ken_burns&quot;:&quot;yes&quot;,&quot;background_slideshow_loop&quot;:&quot;yes&quot;,&quot;background_slideshow_slide_duration&quot;:5000,&quot;background_slideshow_slide_transition&quot;:&quot;fade&quot;,&quot;background_slideshow_transition_duration&quot;:500,&quot;background_slideshow_ken_burns_zoom_direction&quot;:&quot;in&quot;}\">\n\t\t\t\t\t\t<div class=\"elementor-container elementor-column-gap-default\">\n\t\t\t\t\t<div class=\"elementor-column elementor-col-100 elementor-inner-column elementor-element elementor-element-5d14fec\" data-id=\"5d14fec\" data-element_type=\"column\" data-e-type=\"column\" data-settings=\"{&quot;background_background&quot;:&quot;classic&quot;}\">\n\t\t\t<div class=\"elementor-widget-wrap elementor-element-populated\">\n\t\t\t\t\t\t<div class=\"elementor-element elementor-element-4fd69e3 elementor-invisible elementor-widget elementor-widget-heading\" data-id=\"4fd69e3\" data-element_type=\"widget\" data-e-type=\"widget\" data-settings=\"{&quot;_animation&quot;:&quot;fadeInDown&quot;}\" data-widget_type=\"heading.default\">\n\t\t\t\t<div class=\"elementor-widget-container\">\n\t\t\t\t\t<h1 class=\"elementor-heading-title elementor-size-default\">\nWillkommen!<\/h1>\t\t\t\t<\/div>\n\t\t\t\t<\/div>\n\t\t\t\t\t<\/div>\n\t\t<\/div>\n\t\t\t\t\t<\/div>\n\t\t<\/section>\n\t\t\t\t<div class=\"elementor-element elementor-element-1ebd395a elementor-widget__width-initial elementor-widget elementor-widget-text-editor\" data-id=\"1ebd395a\" data-element_type=\"widget\" data-e-type=\"widget\" data-widget_type=\"text-editor.default\">\n\t\t\t\t<div class=\"elementor-widget-container\">\n\t\t\t\t\t\t\t\t\t<h1>Liebes Publikum,<\/h1><div><strong>wir w\u00fcnschen Ihnen ein frohes\u00a0neues\u00a0Jahr!\u00a0<\/strong><\/div><div>\u00a0<\/div><div>Im Theater Harrys Depot\u00a0beginnt es mit einer Premiere!\u00a0<\/div><div>\u00a0<\/div><div>Ab\u00a0Ende\u00a0Januar zeigen wir<\/div><div>\u00a0<\/div><p><strong>NEIN ZUM GELD,<\/strong><\/p><p>eine\u00a0Kom\u00f6die der franz\u00f6sischen Schauspielerin und Autorin Flavia Coste &#8211; eine junge\u00a0Autorin mit\u00a0feinem Gesp\u00fcr f\u00fcr explosive Dialoge.<\/p><h1>NEIN ZUM GELD<\/h1><p><strong>Kom\u00f6die von Flavia Coste<\/strong><\/p><div>Was geschieht mit uns, wenn wir \u00fcberraschend eine gro\u00dfe Geldsumme erwarten? Beispielhaft wird dies in dem St\u00fcck\u00a0vorgespielt.<\/div><div>\u00a0<\/div><div>Richard hat eine Millionenschwere Summe im Lotto gewonnen. Heute will er es seinen drei innigsten Bezugspersonen Claire, Rose und Etienne\u00a0mitteilen. Und hat dabei\u00a0nicht im Entferntesten\u00a0erwartet, welche Entwicklung\u00a0der Abend nehmen k\u00f6nnte und nimmt.<\/div><div>\u00a0<\/div><div>Die Frage ist, welchen Einfluss Geld auf uns, unsere Psyche, unsere Werte und Moralvorstellungen haben kann.\u00a0<\/div><div>\u00a0<\/div><div>Eine Kom\u00f6die mit\u00a0ungeahnten\u00a0Eskalationen!<\/div><div>\u00a0<\/div><div>Wir freuen uns auf Ihren Besuch!<\/div><div>\u00a0<\/div><div><p><span style=\"color: #ff6600;\"><strong>Wegen der gro\u00dfen Nachfrage bieten wir zwei zus\u00e4tzliche Vorstellungen<\/strong><\/span><\/p><ul><li><span style=\"color: #ff6600;\"><strong style=\"font-size: 14px;\">D<\/strong><strong style=\"font-size: 14px;\">o 26.03. um 20h<\/strong><\/span><\/li><li><span style=\"color: #ff6600;\"><strong style=\"font-size: 14px;\">Fr 27.03. um 18h<\/strong><\/span><\/li><\/ul><\/div><div>\u00a0<\/div><p><strong>Mitwirkende:<\/strong><\/p><ul><li>Regie: Barbara Zimmermann<\/li><li>Kost\u00fcme: Katja Weeke<\/li><li>Musik: Ephraim Wegner<\/li><\/ul><p><b>Schauspiel:<\/b><\/p><ul><li>Jakob St\u00f6ckeler<\/li><li>Cheyenne Fliehler<\/li><li>Marie-Charlotte Bonfiglio<\/li><li>Stefan Kosakiewicz-Dorer<\/li><\/ul><div>\u00a0<\/div><div><span style=\"color: #515151; font-family: Ubuntu, sans-serif; font-size: 15px; font-style: normal; font-weight: bold;\">Premiere:\u00a0\u00a0<\/span><\/div><div><span style=\"font-size: 13.125px; font-style: normal; font-weight: bold;\">Sa. 31.01.2025, 20h<\/span><\/div><div>\u00a0<\/div><div><span style=\"color: #515151; font-family: Ubuntu, sans-serif; font-size: 15px; font-style: normal; font-weight: bold;\">Weitere Vorstellungen:\u00a0 <\/span><strong style=\"font-size: 14px;\">Februar \/ M\u00e4rz<\/strong><\/div><div>\u00a0<\/div><div><div>Fr. 06.02.\u00a0\u00a0<span style=\"color: #515151; font-family: Ubuntu, sans-serif; font-size: 15px; font-style: normal; font-weight: 400;\">|<\/span>So 08.02.<\/div><div>\u00a0<\/div><div>Sa 14.02.\u00a0<span style=\"color: #515151; font-family: Ubuntu, sans-serif; font-size: 15px; font-style: normal; font-weight: 400;\">|<\/span>So 15.02.<\/div><div>\u00a0<\/div><div>Sa 21.02.\u00a0<span style=\"color: #515151; font-family: Ubuntu, sans-serif; font-size: 15px; font-style: normal; font-weight: 400;\">|<\/span>So 22.02. <span style=\"color: #515151; font-family: Ubuntu, sans-serif; font-size: 15px; font-style: normal; font-weight: 400;\"><span style=\"color: #ff6600;\"><strong>Sonntag ausverkauft !<\/strong><\/span><\/span><\/div><div>\u00a0<\/div><div>Sa 28.02.\u00a0<span style=\"color: #515151; font-family: Ubuntu, sans-serif; font-size: 15px; font-style: normal; font-weight: 400;\">|<\/span>So 01.03.\u00a0<span style=\"color: #515151; font-family: Ubuntu, sans-serif; font-size: 15px; font-style: normal; font-weight: 400;\"><span style=\"color: #ff6600;\"><strong>Samstag und Sonntag ausverkauft !<\/strong><\/span><\/span><\/div><div>\u00a0<\/div><div>Sa 07.03.\u00a0<span style=\"color: #515151; font-family: Ubuntu, sans-serif; font-size: 15px; font-style: normal; font-weight: 400;\">|<\/span>So 08.03.\u00a0<span style=\"color: #515151; font-family: Ubuntu, sans-serif; font-size: 15px; font-style: normal; font-weight: 400;\"><span style=\"color: #ff6600;\"><strong>Samstag und Sonntag ausverkauft !<\/strong><\/span><\/span><\/div><div>\u00a0<\/div><div>Sa 14.03.<span style=\"color: #515151; font-family: Ubuntu, sans-serif; font-size: 15px; font-style: normal; font-weight: 400;\">|<\/span>So 15.03.\u00a0\u00a0<span style=\"color: #515151; font-family: Ubuntu, sans-serif; font-size: 15px; font-style: normal; font-weight: 400;\"><span style=\"color: #ff6600;\"><strong>Samstag und Sonntag ausverkauft !<\/strong><\/span><\/span><\/div><div>\u00a0<\/div><div>So 22.03.<\/div><div>\u00a0<\/div><\/div><div><p><span style=\"color: #ff6600;\"><strong>Zus\u00e4tzliche Termine:<\/strong><\/span><\/p><ul><li><span style=\"color: #ff6600;\"><strong style=\"font-size: 14px;\">Do 26.03. um 20h<\/strong><\/span><\/li><li><span style=\"color: #ff6600;\"><strong style=\"font-size: 14px;\">Fr 27.03. um 18h<\/strong><\/span><\/li><li><span style=\"color: #ff6600;\"><strong style=\"font-size: 14px;\">Mi 18.03. um 11h<\/strong><\/span><\/li><\/ul><\/div><div><div>Samstags um 20h,<\/div><div>sonntags um 18h<\/div><div>\u00a0<\/div><div>Wegen der begrenzten Platzzahl bitten wir, den Vorverkauf in der Buchhandlung Jos Fritz zu nutzen oder die Karten zu reservieren.<\/div><\/div>\t\t\t\t\t\t\t\t<\/div>\n\t\t\t\t<\/div>\n\t\t\t\t\t<\/div>\n\t\t<\/div>\n\t\t\t\t\t<\/div>\n\t\t<\/section>\n\t\t\t\t<section class=\"elementor-section elementor-top-section elementor-element elementor-element-88281f9 elementor-section-boxed elementor-section-height-default elementor-section-height-default\" data-id=\"88281f9\" data-element_type=\"section\" data-e-type=\"section\">\n\t\t\t\t\t\t<div class=\"elementor-container elementor-column-gap-default\">\n\t\t\t\t\t<div class=\"elementor-column elementor-col-100 elementor-top-column elementor-element elementor-element-3713264\" data-id=\"3713264\" data-element_type=\"column\" data-e-type=\"column\">\n\t\t\t<div class=\"elementor-widget-wrap\">\n\t\t\t\t\t\t\t<\/div>\n\t\t<\/div>\n\t\t\t\t\t<\/div>\n\t\t<\/section>\n\t\t\t\t<section class=\"elementor-section elementor-top-section elementor-element elementor-element-dee27c3 elementor-section-boxed elementor-section-height-default elementor-section-height-default\" data-id=\"dee27c3\" data-element_type=\"section\" data-e-type=\"section\">\n\t\t\t\t\t\t<div class=\"elementor-container elementor-column-gap-default\">\n\t\t\t\t\t<div class=\"elementor-column elementor-col-100 elementor-top-column elementor-element elementor-element-b145532\" data-id=\"b145532\" data-element_type=\"column\" data-e-type=\"column\">\n\t\t\t<div class=\"elementor-widget-wrap\">\n\t\t\t\t\t\t\t<\/div>\n\t\t<\/div>\n\t\t\t\t\t<\/div>\n\t\t<\/section>\n\t\t\t\t<\/div>\n\t\t","protected":false},"excerpt":{"rendered":"<p>Willkommen! Liebes Publikum, wir w\u00fcnschen Ihnen ein frohes\u00a0neues\u00a0Jahr!\u00a0\u00a0Im Theater Harrys Depot\u00a0beginnt es mit einer Premiere!\u00a0\u00a0Ab\u00a0Ende\u00a0Januar zeigen wir\u00a0 NEIN ZUM GELD, eine\u00a0Kom\u00f6die der franz\u00f6sischen Schauspielerin und Autorin Flavia Coste &#8211; eine junge\u00a0Autorin mit\u00a0feinem Gesp\u00fcr f\u00fcr explosive Dialoge. NEIN ZUM GELD Kom\u00f6die von Flavia Coste Was geschieht mit uns, wenn wir \u00fcberraschend eine gro\u00dfe Geldsumme erwarten? Beispielhaft [&hellip;]<\/p>\n","protected":false},"author":1,"featured_media":0,"parent":0,"menu_order":0,"comment_status":"closed","ping_status":"closed","template":"","meta":{"inline_featured_image":false,"site-sidebar-layout":"default","site-content-layout":"default","ast-site-content-layout":"default","site-content-style":"default","site-sidebar-style":"default","ast-global-header-display":"","ast-banner-title-visibility":"","ast-main-header-display":"","ast-hfb-above-header-display":"","ast-hfb-below-header-display":"","ast-hfb-mobile-header-display":"","site-post-title":"","ast-breadcrumbs-content":"","ast-featured-img":"","footer-sml-layout":"","ast-disable-related-posts":"","theme-transparent-header-meta":"default","adv-header-id-meta":"","stick-header-meta":"","header-above-stick-meta":"","header-main-stick-meta":"","header-below-stick-meta":"","astra-migrate-meta-layouts":"default","ast-page-background-enabled":"default","ast-page-background-meta":{"desktop":{"background-color":"","background-image":"","background-repeat":"repeat","background-position":"center center","background-size":"auto","background-attachment":"scroll","background-type":"","background-media":"","overlay-type":"","overlay-color":"","overlay-opacity":"","overlay-gradient":""},"tablet":{"background-color":"","background-image":"","background-repeat":"repeat","background-position":"center center","background-size":"auto","background-attachment":"scroll","background-type":"","background-media":"","overlay-type":"","overlay-color":"","overlay-opacity":"","overlay-gradient":""},"mobile":{"background-color":"","background-image":"","background-repeat":"repeat","background-position":"center center","background-size":"auto","background-attachment":"scroll","background-type":"","background-media":"","overlay-type":"","overlay-color":"","overlay-opacity":"","overlay-gradient":""}},"ast-content-background-meta":{"desktop":{"background-color":"var(--ast-global-color-5)","background-image":"","background-repeat":"repeat","background-position":"center center","background-size":"auto","background-attachment":"scroll","background-type":"","background-media":"","overlay-type":"","overlay-color":"","overlay-opacity":"","overlay-gradient":""},"tablet":{"background-color":"var(--ast-global-color-5)","background-image":"","background-repeat":"repeat","background-position":"center center","background-size":"auto","background-attachment":"scroll","background-type":"","background-media":"","overlay-type":"","overlay-color":"","overlay-opacity":"","overlay-gradient":""},"mobile":{"background-color":"var(--ast-global-color-5)","background-image":"","background-repeat":"repeat","background-position":"center center","background-size":"auto","background-attachment":"scroll","background-type":"","background-media":"","overlay-type":"","overlay-color":"","overlay-opacity":"","overlay-gradient":""}},"footnotes":""},"class_list":["post-1312","page","type-page","status-publish","hentry"],"_links":{"self":[{"href":"https:\/\/www.ensemble-harry.de\/content\/wp-json\/wp\/v2\/pages\/1312","targetHints":{"allow":["GET"]}}],"collection":[{"href":"https:\/\/www.ensemble-harry.de\/content\/wp-json\/wp\/v2\/pages"}],"about":[{"href":"https:\/\/www.ensemble-harry.de\/content\/wp-json\/wp\/v2\/types\/page"}],"author":[{"embeddable":true,"href":"https:\/\/www.ensemble-harry.de\/content\/wp-json\/wp\/v2\/users\/1"}],"replies":[{"embeddable":true,"href":"https:\/\/www.ensemble-harry.de\/content\/wp-json\/wp\/v2\/comments?post=1312"}],"version-history":[{"count":174,"href":"https:\/\/www.ensemble-harry.de\/content\/wp-json\/wp\/v2\/pages\/1312\/revisions"}],"predecessor-version":[{"id":3138,"href":"https:\/\/www.ensemble-harry.de\/content\/wp-json\/wp\/v2\/pages\/1312\/revisions\/3138"}],"wp:attachment":[{"href":"https:\/\/www.ensemble-harry.de\/content\/wp-json\/wp\/v2\/media?parent=1312"}],"curies":[{"name":"wp","href":"https:\/\/api.w.org\/{rel}","templated":true}]}}