{"id":164,"date":"2020-02-04T13:56:12","date_gmt":"2020-02-04T12:56:12","guid":{"rendered":"https:\/\/www.ensemble-harry.de\/content\/?page_id=164"},"modified":"2023-12-25T13:48:13","modified_gmt":"2023-12-25T12:48:13","slug":"tickets-2","status":"publish","type":"page","link":"https:\/\/www.ensemble-harry.de\/content\/tickets-2\/","title":{"rendered":"Karten \/ Tickets"},"content":{"rendered":"\t\t<div data-elementor-type=\"wp-page\" data-elementor-id=\"164\" class=\"elementor elementor-164\">\n\t\t\t\t\t\t<section class=\"elementor-section elementor-top-section elementor-element elementor-element-2470ad8e elementor-section-boxed elementor-section-height-default elementor-section-height-default\" data-id=\"2470ad8e\" data-element_type=\"section\" data-e-type=\"section\">\n\t\t\t\t\t\t<div class=\"elementor-container elementor-column-gap-default\">\n\t\t\t\t\t<div class=\"elementor-column elementor-col-100 elementor-top-column elementor-element elementor-element-18cac41\" data-id=\"18cac41\" data-element_type=\"column\" data-e-type=\"column\">\n\t\t\t<div class=\"elementor-widget-wrap elementor-element-populated\">\n\t\t\t\t\t\t<div class=\"elementor-element elementor-element-1919904 elementor-widget elementor-widget-text-editor\" data-id=\"1919904\" data-element_type=\"widget\" data-e-type=\"widget\" data-widget_type=\"text-editor.default\">\n\t\t\t\t<div class=\"elementor-widget-container\">\n\t\t\t\t\t\t\t\t\t<h4>Abendkasse:<\/h4>\n<p>Nat\u00fcrlich k\u00f6nnen Sie wie \u00fcblich an der Abendkasse Tickets f\u00fcr die aktuelle Vorstellung bekommen. Aufgrund des geringen Platzangebotes empfiehlt sich allerdings immer, den verg\u00fcnstigten Vorverkauf zu nutzen oder vorab zu reservieren.<\/p>\n<p><\/p>\n<h4>Vorverkauf:<\/h4>\n<p>Im Vorverkauf sind Karten in der Buchhandlung Jos Fritz, Wilhelmstr. 15, 79098 Freiburg erh\u00e4ltlich.<\/p><p><br><\/p>\n<h4>Reservierung:<\/h4>\n<p>Reservieren k\u00f6nnen Sie unter Angabe Ihres Namens, des jeweiligen Veranstaltungs-Termins und der Anzahl der gew\u00fcnschten Karten. Sie erhalten in jedem Fall umgehend Auskunft, ob wir Ihrem Wunsch entsprechen k\u00f6nnen oder ob die Vorstellung bereits ausverkauft ist. Reservierte Karten werden an der Abendkasse hinterlegt. Wir bitten Sie, Ihre reservierten Karten bis eine halbe Stunde vor Beginn der Veranstaltung dort abzuholen.<\/p>\n<p>Bestellen k\u00f6nnen Sie die Karten<\/p>\n<ul>\n<li>telefonisch unter der Nummer 01577 \u2013 970 92 69<\/li>\n<li>per E-Mail an info@ensemble-harry.de<\/li>\n<li>direkt mit dem untenstehenden Formular<\/li>\n<\/ul>\n<p><span style=\"font-family: Arial, serif;\"><span style=\"font-size: small;\">Erm\u00e4\u00dfigten Eintritt erhalten Sch\u00fclerInnen, Studierende, Azubis und Arbeitssuchende \u2013 jeweils mit Ausweis.<\/span><\/span><\/p>\t\t\t\t\t\t\t\t<\/div>\n\t\t\t\t<\/div>\n\t\t\t\t\t<\/div>\n\t\t<\/div>\n\t\t\t\t\t<\/div>\n\t\t<\/section>\n\t\t\t\t<section class=\"elementor-section elementor-top-section elementor-element elementor-element-d111401 elementor-section-boxed elementor-section-height-default elementor-section-height-default\" data-id=\"d111401\" data-element_type=\"section\" data-e-type=\"section\">\n\t\t\t\t\t\t<div class=\"elementor-container elementor-column-gap-default\">\n\t\t\t\t\t<div class=\"elementor-column elementor-col-100 elementor-top-column elementor-element elementor-element-08a6c04\" data-id=\"08a6c04\" data-element_type=\"column\" data-e-type=\"column\">\n\t\t\t<div class=\"elementor-widget-wrap elementor-element-populated\">\n\t\t\t\t\t\t<div class=\"elementor-element elementor-element-3f7974a eael-contact-form-7-button-align-left eael-contact-form-7-button-custom elementor-widget elementor-widget-eael-contact-form-7\" data-id=\"3f7974a\" data-element_type=\"widget\" data-e-type=\"widget\" data-widget_type=\"eael-contact-form-7.default\">\n\t\t\t\t<div class=\"elementor-widget-container\">\n\t\t\t\t\t<div class=\"eael-contact-form-7-wrapper\">\n                <div class=\"eael-contact-form eael-contact-form-7 eael-contact-form-3f7974a placeholder-show eael-contact-form-align-default\"><div class=\"eael-contact-form-7-heading\"><h3 class=\"eael-contact-form-title eael-contact-form-7-title\">\n                                    Kartenreservierung\n                                <\/h3><div class=\"eael-contact-form-description eael-contact-form-7-description\"> Sie k\u00f6nnen ganz einfach Karten f\u00fcr die laufende Produktion reservieren. Teilen Sie uns einfach den gew\u00fcnschten Termin und die Anzahl der Pl\u00e4tze mit, wir melden uns dann umgehend bei Ihnen zur\u00fcck.\n                        <\/div><\/div>\n<div class=\"wpcf7 no-js\" id=\"wpcf7-f1245-o1\" lang=\"de-DE\" dir=\"ltr\" data-wpcf7-id=\"1245\">\n<div class=\"screen-reader-response\"><p role=\"status\" aria-live=\"polite\" aria-atomic=\"true\"><\/p> <ul><\/ul><\/div>\n<form action=\"\/content\/wp-json\/wp\/v2\/pages\/164#wpcf7-f1245-o1\" method=\"post\" class=\"wpcf7-form init\" aria-label=\"Kontaktformular\" novalidate=\"novalidate\" data-status=\"init\">\n<fieldset class=\"hidden-fields-container\"><input type=\"hidden\" name=\"_wpcf7\" value=\"1245\" \/><input type=\"hidden\" name=\"_wpcf7_version\" value=\"6.1.5\" \/><input type=\"hidden\" name=\"_wpcf7_locale\" value=\"de_DE\" \/><input type=\"hidden\" name=\"_wpcf7_unit_tag\" value=\"wpcf7-f1245-o1\" \/><input type=\"hidden\" name=\"_wpcf7_container_post\" value=\"0\" \/><input type=\"hidden\" name=\"_wpcf7_posted_data_hash\" value=\"\" \/>\n<\/fieldset>\n<p><span class=\"wpcf7-form-control-wrap\" data-name=\"checkbox-511\"><span class=\"wpcf7-form-control wpcf7-checkbox wpcf7-validates-as-required\"><span class=\"wpcf7-list-item first last\"><input type=\"checkbox\" name=\"checkbox-511[]\" value=\"Ich m\u00f6chte Karten f\u00fcr die aktuelle Produktion reservieren*\" \/><span class=\"wpcf7-list-item-label\">Ich m\u00f6chte Karten f\u00fcr die aktuelle Produktion reservieren*<\/span><\/span><\/span><\/span><br \/>\n<span class=\"wpcf7-form-control-wrap\" data-name=\"your-name\"><input size=\"40\" maxlength=\"400\" class=\"wpcf7-form-control wpcf7-text wpcf7-validates-as-required\" aria-required=\"true\" aria-invalid=\"false\" placeholder=\"Vor- und Nachname*\" value=\"\" type=\"text\" name=\"your-name\" \/><\/span><br \/>\n<span class=\"wpcf7-form-control-wrap\" data-name=\"your-email\"><input size=\"40\" maxlength=\"400\" class=\"wpcf7-form-control wpcf7-email wpcf7-validates-as-required wpcf7-text wpcf7-validates-as-email\" aria-required=\"true\" aria-invalid=\"false\" placeholder=\"G\u00fcltige E-Mail-Adresse*\" value=\"\" type=\"email\" name=\"your-email\" \/><\/span><br \/>\n<span class=\"wpcf7-form-control-wrap\" data-name=\"Nachricht\"><textarea cols=\"40\" rows=\"10\" maxlength=\"2000\" class=\"wpcf7-form-control wpcf7-textarea\" aria-invalid=\"false\" placeholder=\"Geben Sie hier Ihren Wunschtermin und die Anzahl der gew\u00fcnschten Karten an (maximal 4)!\" name=\"Nachricht\"><\/textarea><\/span><br \/>\n<span class=\"wpcf7-form-control-wrap\" data-name=\"checkbox-779\"><span class=\"wpcf7-form-control wpcf7-checkbox wpcf7-validates-as-required\"><span class=\"wpcf7-list-item first last\"><input type=\"checkbox\" name=\"checkbox-779[]\" value=\"Die Angaben zum Datenschutz habe ich zur Kenntnis genommen*\" \/><span class=\"wpcf7-list-item-label\">Die Angaben zum Datenschutz habe ich zur Kenntnis genommen*<\/span><\/span><\/span><\/span><br \/>\n<span class=\"wpcf7-form-control-wrap\" data-name=\"checkbox-135\"><span class=\"wpcf7-form-control wpcf7-checkbox\"><span class=\"wpcf7-list-item first last\"><input type=\"checkbox\" name=\"checkbox-135[]\" value=\"Ich m\u00f6chte per Newsletter auf dem Laufenden gehalten werden werden.\" \/><span class=\"wpcf7-list-item-label\">Ich m\u00f6chte per Newsletter auf dem Laufenden gehalten werden werden.<\/span><\/span><\/span><\/span><br \/>\n<span id=\"wpcf7-6a024c2c1c241-wrapper\" class=\"wpcf7-form-control-wrap website-614-wrap\" ><label for=\"wpcf7-6a024c2c1c241-field\" class=\"hp-message\">Bitte lasse dieses Feld leer.<\/label><input id=\"wpcf7-6a024c2c1c241-field\"  class=\"wpcf7-form-control wpcf7-text\" type=\"text\" name=\"website-614\" value=\"\" size=\"40\" tabindex=\"-1\" autocomplete=\"new-password\" \/><\/span><br \/>\n\t<center><input class=\"wpcf7-form-control wpcf7-submit has-spinner\" type=\"submit\" value=\"Senden\" \/>\n\t<\/center>\n<\/p><div class=\"wpcf7-response-output\" aria-hidden=\"true\"><\/div>\n<\/form>\n<\/div>\n<\/div>\n            <\/div>\t\t\t\t<\/div>\n\t\t\t\t<\/div>\n\t\t\t\t<section class=\"elementor-section elementor-inner-section elementor-element elementor-element-92467be elementor-section-boxed elementor-section-height-default elementor-section-height-default\" data-id=\"92467be\" data-element_type=\"section\" data-e-type=\"section\">\n\t\t\t\t\t\t<div class=\"elementor-container elementor-column-gap-no\">\n\t\t\t\t\t<div class=\"elementor-column elementor-col-50 elementor-inner-column elementor-element elementor-element-2beed15\" data-id=\"2beed15\" data-element_type=\"column\" data-e-type=\"column\">\n\t\t\t<div class=\"elementor-widget-wrap elementor-element-populated\">\n\t\t\t\t\t\t<div class=\"elementor-element elementor-element-8232a13 elementor-widget elementor-widget-text-editor\" data-id=\"8232a13\" data-element_type=\"widget\" data-e-type=\"widget\" data-widget_type=\"text-editor.default\">\n\t\t\t\t<div class=\"elementor-widget-container\">\n\t\t\t\t\t\t\t\t\t<p><strong>Geschenk-Gutscheine gef\u00e4llig?<\/strong><\/p><p>Selbstverst\u00e4ndlich k\u00f6nnen Sie nach wie vor Geschenk-Gutscheine f\u00fcr unsere Auff\u00fchrungen erwerben. Wir versenden die Gutscheine per Post zusammen mit der Rechnung.\u00a0 Bei Interesse schreiben Sie uns einfach eine E-Mail an <a href=\"mailto:info@ensemble-harry.de\">info@ensemble-harry.de<\/a> mit dem Betreff &#8222;Geschenk-Gutscheine&#8220; unter Angabe Ihres Namens, Ihrer Adresse und der gew\u00fcnschten Anzahl der Gutscheine. Wir melden uns dann umgehend bei Ihnen zur\u00fcck.<\/p>\t\t\t\t\t\t\t\t<\/div>\n\t\t\t\t<\/div>\n\t\t\t\t\t<\/div>\n\t\t<\/div>\n\t\t\t\t<div class=\"elementor-column elementor-col-50 elementor-inner-column elementor-element elementor-element-a8a5655\" data-id=\"a8a5655\" data-element_type=\"column\" data-e-type=\"column\">\n\t\t\t<div class=\"elementor-widget-wrap elementor-element-populated\">\n\t\t\t\t\t\t<div class=\"elementor-element elementor-element-ba3103a animated-fast elementor-invisible elementor-widget elementor-widget-image\" data-id=\"ba3103a\" data-element_type=\"widget\" data-e-type=\"widget\" data-settings=\"{&quot;_animation&quot;:&quot;slideInRight&quot;}\" data-widget_type=\"image.default\">\n\t\t\t\t<div class=\"elementor-widget-container\">\n\t\t\t\t\t\t\t\t\t\t\t\t\t\t\t<img fetchpriority=\"high\" decoding=\"async\" width=\"800\" height=\"367\" src=\"https:\/\/www.ensemble-harry.de\/content\/wp-content\/uploads\/2022\/07\/Harry_Gutschein.jpg\" class=\"attachment-full size-full wp-image-1896\" alt=\"\" srcset=\"https:\/\/www.ensemble-harry.de\/content\/wp-content\/uploads\/2022\/07\/Harry_Gutschein.jpg 800w, https:\/\/www.ensemble-harry.de\/content\/wp-content\/uploads\/2022\/07\/Harry_Gutschein-300x138.jpg 300w, https:\/\/www.ensemble-harry.de\/content\/wp-content\/uploads\/2022\/07\/Harry_Gutschein-768x352.jpg 768w\" sizes=\"(max-width: 800px) 100vw, 800px\" \/>\t\t\t\t\t\t\t\t\t\t\t\t\t\t\t<\/div>\n\t\t\t\t<\/div>\n\t\t\t\t\t<\/div>\n\t\t<\/div>\n\t\t\t\t\t<\/div>\n\t\t<\/section>\n\t\t\t\t\t<\/div>\n\t\t<\/div>\n\t\t\t\t\t<\/div>\n\t\t<\/section>\n\t\t\t\t<\/div>\n\t\t","protected":false},"excerpt":{"rendered":"<p>Abendkasse: Nat\u00fcrlich k\u00f6nnen Sie wie \u00fcblich an der Abendkasse Tickets f\u00fcr die aktuelle Vorstellung bekommen. Aufgrund des geringen Platzangebotes empfiehlt sich allerdings immer, den verg\u00fcnstigten Vorverkauf zu nutzen oder vorab zu reservieren. Vorverkauf: Im Vorverkauf sind Karten in der Buchhandlung Jos Fritz, Wilhelmstr. 15, 79098 Freiburg erh\u00e4ltlich. Reservierung: Reservieren k\u00f6nnen Sie unter Angabe Ihres Namens, [&hellip;]<\/p>\n","protected":false},"author":1,"featured_media":229,"parent":0,"menu_order":1,"comment_status":"closed","ping_status":"closed","template":"","meta":{"inline_featured_image":false,"site-sidebar-layout":"default","site-content-layout":"default","ast-site-content-layout":"default","site-content-style":"default","site-sidebar-style":"default","ast-global-header-display":"","ast-banner-title-visibility":"","ast-main-header-display":"","ast-hfb-above-header-display":"","ast-hfb-below-header-display":"","ast-hfb-mobile-header-display":"","site-post-title":"","ast-breadcrumbs-content":"","ast-featured-img":"","footer-sml-layout":"","ast-disable-related-posts":"","theme-transparent-header-meta":"default","adv-header-id-meta":"","stick-header-meta":"","header-above-stick-meta":"","header-main-stick-meta":"","header-below-stick-meta":"","astra-migrate-meta-layouts":"default","ast-page-background-enabled":"default","ast-page-background-meta":{"desktop":{"background-color":"","background-image":"","background-repeat":"repeat","background-position":"center center","background-size":"auto","background-attachment":"scroll","background-type":"","background-media":"","overlay-type":"","overlay-color":"","overlay-opacity":"","overlay-gradient":""},"tablet":{"background-color":"","background-image":"","background-repeat":"repeat","background-position":"center center","background-size":"auto","background-attachment":"scroll","background-type":"","background-media":"","overlay-type":"","overlay-color":"","overlay-opacity":"","overlay-gradient":""},"mobile":{"background-color":"","background-image":"","background-repeat":"repeat","background-position":"center center","background-size":"auto","background-attachment":"scroll","background-type":"","background-media":"","overlay-type":"","overlay-color":"","overlay-opacity":"","overlay-gradient":""}},"ast-content-background-meta":{"desktop":{"background-color":"var(--ast-global-color-5)","background-image":"","background-repeat":"repeat","background-position":"center center","background-size":"auto","background-attachment":"scroll","background-type":"","background-media":"","overlay-type":"","overlay-color":"","overlay-opacity":"","overlay-gradient":""},"tablet":{"background-color":"var(--ast-global-color-5)","background-image":"","background-repeat":"repeat","background-position":"center center","background-size":"auto","background-attachment":"scroll","background-type":"","background-media":"","overlay-type":"","overlay-color":"","overlay-opacity":"","overlay-gradient":""},"mobile":{"background-color":"var(--ast-global-color-5)","background-image":"","background-repeat":"repeat","background-position":"center center","background-size":"auto","background-attachment":"scroll","background-type":"","background-media":"","overlay-type":"","overlay-color":"","overlay-opacity":"","overlay-gradient":""}},"footnotes":""},"class_list":["post-164","page","type-page","status-publish","has-post-thumbnail","hentry"],"_links":{"self":[{"href":"https:\/\/www.ensemble-harry.de\/content\/wp-json\/wp\/v2\/pages\/164","targetHints":{"allow":["GET"]}}],"collection":[{"href":"https:\/\/www.ensemble-harry.de\/content\/wp-json\/wp\/v2\/pages"}],"about":[{"href":"https:\/\/www.ensemble-harry.de\/content\/wp-json\/wp\/v2\/types\/page"}],"author":[{"embeddable":true,"href":"https:\/\/www.ensemble-harry.de\/content\/wp-json\/wp\/v2\/users\/1"}],"replies":[{"embeddable":true,"href":"https:\/\/www.ensemble-harry.de\/content\/wp-json\/wp\/v2\/comments?post=164"}],"version-history":[{"count":0,"href":"https:\/\/www.ensemble-harry.de\/content\/wp-json\/wp\/v2\/pages\/164\/revisions"}],"wp:featuredmedia":[{"embeddable":true,"href":"https:\/\/www.ensemble-harry.de\/content\/wp-json\/wp\/v2\/media\/229"}],"wp:attachment":[{"href":"https:\/\/www.ensemble-harry.de\/content\/wp-json\/wp\/v2\/media?parent=164"}],"curies":[{"name":"wp","href":"https:\/\/api.w.org\/{rel}","templated":true}]}}